{"id":8017,"date":"2021-12-14T15:53:32","date_gmt":"2021-12-14T14:53:32","guid":{"rendered":"https:\/\/www.polycliniquenour.com\/?page_id=8017"},"modified":"2021-12-20T18:29:19","modified_gmt":"2021-12-20T17:29:19","slug":"%d8%a7%d9%84%d8%a3%d9%82%d8%b3%d8%a7%d9%85","status":"publish","type":"page","link":"https:\/\/www.polycliniquenour.com\/ar\/%d8%a7%d9%84%d8%a3%d9%82%d8%b3%d8%a7%d9%85\/","title":{"rendered":"\u0627\u0644\u0623\u0642\u0633\u0627\u0645"},"content":{"rendered":"","protected":false},"excerpt":{"rendered":"","protected":false},"author":1,"featured_media":0,"parent":0,"menu_order":0,"comment_status":"closed","ping_status":"closed","template":"","meta":[],"yoast_head":"<!-- This site is optimized with the Yoast SEO plugin v17.9 - https:\/\/yoast.com\/wordpress\/plugins\/seo\/ -->\n<title>\u0627\u0644\u0623\u0642\u0633\u0627\u0645 | Polyclinique Nour<\/title>\n<meta name=\"description\" content=\"polyclinique nour tunisie, \u00e9tablissement sanitaire tunisie, urgence tunisie, chirurgie g\u00e9n\u00e9rale tunisie, cancer de prostate tunisie, ad\u00e9nome tunisie, neurochirurgien tunisie, tumeur c\u00e9r\u00e9brale tunisie, ophtalmo tunisie, chirurgie p\u00e9diatrie tunisie, pathologie endocrinienne tunisie, appareil digestif tunisie, m\u00e9decine pneumologie tunisie, pharynx tunisie, larynx tunisie, cardiologie tunisie, radiologie tunisie, chirurgie thoracique et cardio-vasculaire tunisie, urologique tunisie, scoliose tunisie, :[fr] \u0645\u0635\u062d\u0629 \u0646\u0648\u0631 \u062a\u0648\u0646\u0633\u060c \u0645\u0631\u0641\u0642 \u0635\u062d\u064a \u062a\u0648\u0646\u0633\u060c \u0627\u0644\u0627\u0633\u062a\u0639\u062c\u0627\u0644\u064a \u062a\u0648\u0646\u0633\u060c \u062c\u0631\u0627\u062d\u0629 \u0639\u0627\u0645\u0629 \u062a\u0648\u0646\u0633\u060c \u0633\u0631\u0637\u0627\u0646 \u0627\u0644\u0628\u0631\u0648\u0633\u062a\u0627\u062a \u062a\u0648\u0646\u0633\u060c \u062c\u0631\u0627\u062d\u0629 \u0627\u0644\u0645\u062b\u0627\u0646\u0629 \u062a\u0648\u0646\u0633\u060c \u062c\u0631\u0627\u062d\u0629 \u0627\u0644\u0623\u0639\u0635\u0627\u0628 \u062a\u0648\u0646\u0633\u060c \u0648\u0631\u0645 \u062f\u0645\u0627\u063a\u064a \u062a\u0648\u0646\u0633\u060c \u062f\u0643\u062a\u0648\u0631 \u0639\u064a\u0648\u0646 \u062a\u0648\u0646\u0633\u060c \u062c\u0631\u0627\u062d\u0629 \u0627\u0644\u0623\u0637\u0641\u0627\u0644 \u062a\u0648\u0646\u0633\u060c \u0623\u0645\u0631\u0627\u0636 \u0627\u0644\u063a\u062f\u062f \u0627\u0644\u0635\u0645\u0627\u0621 \u062a\u0648\u0646\u0633\u060c \u0627\u0644\u062c\u0647\u0627\u0632 \u0627\u0644\u0647\u0636\u0645\u064a \u062a\u0648\u0646\u0633\u060c \u0637\u0628 \u0627\u0644\u0631\u0626\u0629 \u062a\u0648\u0646\u0633\u060c \u062c\u0631\u0627\u062d\u0629 \u0627\u0644\u0628\u0644\u0639\u0648\u0645 \u062a\u0648\u0646\u0633\u060c \u062c\u0631\u0627\u062d\u0629 \u0627\u0644\u062d\u0646\u062c\u0631\u0629 \u062a\u0648\u0646\u0633\u060c \u0637\u0628 \u0627\u0644\u0642\u0644\u0628 \u062a\u0648\u0646\u0633\u060c \u062c\u0631\u0627\u062d\u0629 \u0627\u0644\u0627\u0634\u0639\u0629 \u062a\u0648\u0646\u0633\u060c \u062c\u0631\u0627\u062d\u0629 \u0627\u0644\u0635\u062f\u0631 \u0648\u0627\u0644\u0642\u0644\u0628 \u0648\u0627\u0644\u0623\u0648\u0639\u064a\u0629 \u0627\u0644\u062f\u0645\u0648\u064a\u0629 \u0641\u064a \u062a\u0648\u0646\u0633\u060c \u0627\u0644\u0645\u0633\u0627\u0644\u0643 \u0627\u0644\u0628\u0648\u0644\u064a\u0629 \u062a\u0648\u0646\u0633\u060c \u0627\u0644\u062c\u0646\u0641 \u062a\u0648\u0646\u0633\u060c :[ar]\" \/>\n<meta name=\"robots\" content=\"index, follow, max-snippet:-1, max-image-preview:large, max-video-preview:-1\" \/>\n<link rel=\"canonical\" href=\"https:\/\/www.polycliniquenour.com\/ar\/\u0627\u0644\u0623\u0642\u0633\u0627\u0645\/\" \/>\n<meta property=\"og:locale\" content=\"ar_AR\" \/>\n<meta property=\"og:type\" content=\"article\" \/>\n<meta property=\"og:title\" content=\"\u0627\u0644\u0623\u0642\u0633\u0627\u0645 | Polyclinique Nour\" \/>\n<meta property=\"og:description\" content=\"polyclinique nour tunisie, \u00e9tablissement sanitaire tunisie, urgence tunisie, chirurgie g\u00e9n\u00e9rale tunisie, cancer de prostate tunisie, ad\u00e9nome tunisie, neurochirurgien tunisie, tumeur c\u00e9r\u00e9brale tunisie, ophtalmo tunisie, chirurgie p\u00e9diatrie tunisie, pathologie endocrinienne tunisie, appareil digestif tunisie, m\u00e9decine pneumologie tunisie, pharynx tunisie, larynx tunisie, cardiologie tunisie, radiologie tunisie, chirurgie thoracique et cardio-vasculaire tunisie, urologique tunisie, scoliose tunisie, :[fr] \u0645\u0635\u062d\u0629 \u0646\u0648\u0631 \u062a\u0648\u0646\u0633\u060c \u0645\u0631\u0641\u0642 \u0635\u062d\u064a \u062a\u0648\u0646\u0633\u060c \u0627\u0644\u0627\u0633\u062a\u0639\u062c\u0627\u0644\u064a \u062a\u0648\u0646\u0633\u060c \u062c\u0631\u0627\u062d\u0629 \u0639\u0627\u0645\u0629 \u062a\u0648\u0646\u0633\u060c \u0633\u0631\u0637\u0627\u0646 \u0627\u0644\u0628\u0631\u0648\u0633\u062a\u0627\u062a \u062a\u0648\u0646\u0633\u060c \u062c\u0631\u0627\u062d\u0629 \u0627\u0644\u0645\u062b\u0627\u0646\u0629 \u062a\u0648\u0646\u0633\u060c \u062c\u0631\u0627\u062d\u0629 \u0627\u0644\u0623\u0639\u0635\u0627\u0628 \u062a\u0648\u0646\u0633\u060c \u0648\u0631\u0645 \u062f\u0645\u0627\u063a\u064a \u062a\u0648\u0646\u0633\u060c \u062f\u0643\u062a\u0648\u0631 \u0639\u064a\u0648\u0646 \u062a\u0648\u0646\u0633\u060c \u062c\u0631\u0627\u062d\u0629 \u0627\u0644\u0623\u0637\u0641\u0627\u0644 \u062a\u0648\u0646\u0633\u060c \u0623\u0645\u0631\u0627\u0636 \u0627\u0644\u063a\u062f\u062f \u0627\u0644\u0635\u0645\u0627\u0621 \u062a\u0648\u0646\u0633\u060c \u0627\u0644\u062c\u0647\u0627\u0632 \u0627\u0644\u0647\u0636\u0645\u064a \u062a\u0648\u0646\u0633\u060c \u0637\u0628 \u0627\u0644\u0631\u0626\u0629 \u062a\u0648\u0646\u0633\u060c \u062c\u0631\u0627\u062d\u0629 \u0627\u0644\u0628\u0644\u0639\u0648\u0645 \u062a\u0648\u0646\u0633\u060c \u062c\u0631\u0627\u062d\u0629 \u0627\u0644\u062d\u0646\u062c\u0631\u0629 \u062a\u0648\u0646\u0633\u060c \u0637\u0628 \u0627\u0644\u0642\u0644\u0628 \u062a\u0648\u0646\u0633\u060c \u062c\u0631\u0627\u062d\u0629 \u0627\u0644\u0627\u0634\u0639\u0629 \u062a\u0648\u0646\u0633\u060c \u062c\u0631\u0627\u062d\u0629 \u0627\u0644\u0635\u062f\u0631 \u0648\u0627\u0644\u0642\u0644\u0628 \u0648\u0627\u0644\u0623\u0648\u0639\u064a\u0629 \u0627\u0644\u062f\u0645\u0648\u064a\u0629 \u0641\u064a \u062a\u0648\u0646\u0633\u060c \u0627\u0644\u0645\u0633\u0627\u0644\u0643 \u0627\u0644\u0628\u0648\u0644\u064a\u0629 \u062a\u0648\u0646\u0633\u060c \u0627\u0644\u062c\u0646\u0641 \u062a\u0648\u0646\u0633\u060c :[ar]\" \/>\n<meta property=\"og:url\" content=\"https:\/\/www.polycliniquenour.com\/ar\/\u0627\u0644\u0623\u0642\u0633\u0627\u0645\/\" \/>\n<meta property=\"og:site_name\" content=\"Polyclinique Nour\" \/>\n<meta property=\"article:modified_time\" content=\"2021-12-20T17:29:19+00:00\" \/>\n<meta name=\"twitter:card\" content=\"summary_large_image\" \/>\n<script type=\"application\/ld+json\" class=\"yoast-schema-graph\">{\"@context\":\"https:\/\/schema.org\",\"@graph\":[{\"@type\":\"WebSite\",\"@id\":\"https:\/\/www.polycliniquenour.com\/#website\",\"url\":\"https:\/\/www.polycliniquenour.com\/\",\"name\":\"Polyclinique Nour\",\"description\":\"Etablissement sanitaire priv\\u00e9 pluridisciplinaire\",\"potentialAction\":[{\"@type\":\"SearchAction\",\"target\":{\"@type\":\"EntryPoint\",\"urlTemplate\":\"https:\/\/www.polycliniquenour.com\/?s={search_term_string}\"},\"query-input\":\"required name=search_term_string\"}],\"inLanguage\":\"ar\"},{\"@type\":\"WebPage\",\"@id\":\"https:\/\/www.polycliniquenour.com\/ar\/%d8%a7%d9%84%d8%a3%d9%82%d8%b3%d8%a7%d9%85\/#webpage\",\"url\":\"https:\/\/www.polycliniquenour.com\/ar\/%d8%a7%d9%84%d8%a3%d9%82%d8%b3%d8%a7%d9%85\/\",\"name\":\"\\u0627\\u0644\\u0623\\u0642\\u0633\\u0627\\u0645 | Polyclinique Nour\",\"isPartOf\":{\"@id\":\"https:\/\/www.polycliniquenour.com\/#website\"},\"datePublished\":\"2021-12-14T14:53:32+00:00\",\"dateModified\":\"2021-12-20T17:29:19+00:00\",\"description\":\"polyclinique nour tunisie, \\u00e9tablissement sanitaire tunisie, urgence tunisie, chirurgie g\\u00e9n\\u00e9rale tunisie, cancer de prostate tunisie, ad\\u00e9nome tunisie, neurochirurgien tunisie, tumeur c\\u00e9r\\u00e9brale tunisie, ophtalmo tunisie, chirurgie p\\u00e9diatrie tunisie, pathologie endocrinienne tunisie, appareil digestif tunisie, m\\u00e9decine pneumologie tunisie, pharynx tunisie, larynx tunisie, cardiologie tunisie, radiologie tunisie, chirurgie thoracique et cardio-vasculaire tunisie, urologique tunisie, scoliose tunisie, :[fr] \\u0645\\u0635\\u062d\\u0629 \\u0646\\u0648\\u0631 \\u062a\\u0648\\u0646\\u0633\\u060c \\u0645\\u0631\\u0641\\u0642 \\u0635\\u062d\\u064a \\u062a\\u0648\\u0646\\u0633\\u060c \\u0627\\u0644\\u0627\\u0633\\u062a\\u0639\\u062c\\u0627\\u0644\\u064a \\u062a\\u0648\\u0646\\u0633\\u060c \\u062c\\u0631\\u0627\\u062d\\u0629 \\u0639\\u0627\\u0645\\u0629 \\u062a\\u0648\\u0646\\u0633\\u060c \\u0633\\u0631\\u0637\\u0627\\u0646 \\u0627\\u0644\\u0628\\u0631\\u0648\\u0633\\u062a\\u0627\\u062a \\u062a\\u0648\\u0646\\u0633\\u060c \\u062c\\u0631\\u0627\\u062d\\u0629 \\u0627\\u0644\\u0645\\u062b\\u0627\\u0646\\u0629 \\u062a\\u0648\\u0646\\u0633\\u060c \\u062c\\u0631\\u0627\\u062d\\u0629 \\u0627\\u0644\\u0623\\u0639\\u0635\\u0627\\u0628 \\u062a\\u0648\\u0646\\u0633\\u060c \\u0648\\u0631\\u0645 \\u062f\\u0645\\u0627\\u063a\\u064a \\u062a\\u0648\\u0646\\u0633\\u060c \\u062f\\u0643\\u062a\\u0648\\u0631 \\u0639\\u064a\\u0648\\u0646 \\u062a\\u0648\\u0646\\u0633\\u060c \\u062c\\u0631\\u0627\\u062d\\u0629 \\u0627\\u0644\\u0623\\u0637\\u0641\\u0627\\u0644 \\u062a\\u0648\\u0646\\u0633\\u060c \\u0623\\u0645\\u0631\\u0627\\u0636 \\u0627\\u0644\\u063a\\u062f\\u062f \\u0627\\u0644\\u0635\\u0645\\u0627\\u0621 \\u062a\\u0648\\u0646\\u0633\\u060c \\u0627\\u0644\\u062c\\u0647\\u0627\\u0632 \\u0627\\u0644\\u0647\\u0636\\u0645\\u064a \\u062a\\u0648\\u0646\\u0633\\u060c \\u0637\\u0628 \\u0627\\u0644\\u0631\\u0626\\u0629 \\u062a\\u0648\\u0646\\u0633\\u060c \\u062c\\u0631\\u0627\\u062d\\u0629 \\u0627\\u0644\\u0628\\u0644\\u0639\\u0648\\u0645 \\u062a\\u0648\\u0646\\u0633\\u060c \\u062c\\u0631\\u0627\\u062d\\u0629 \\u0627\\u0644\\u062d\\u0646\\u062c\\u0631\\u0629 \\u062a\\u0648\\u0646\\u0633\\u060c \\u0637\\u0628 \\u0627\\u0644\\u0642\\u0644\\u0628 \\u062a\\u0648\\u0646\\u0633\\u060c \\u062c\\u0631\\u0627\\u062d\\u0629 \\u0627\\u0644\\u0627\\u0634\\u0639\\u0629 \\u062a\\u0648\\u0646\\u0633\\u060c \\u062c\\u0631\\u0627\\u062d\\u0629 \\u0627\\u0644\\u0635\\u062f\\u0631 \\u0648\\u0627\\u0644\\u0642\\u0644\\u0628 \\u0648\\u0627\\u0644\\u0623\\u0648\\u0639\\u064a\\u0629 \\u0627\\u0644\\u062f\\u0645\\u0648\\u064a\\u0629 \\u0641\\u064a \\u062a\\u0648\\u0646\\u0633\\u060c \\u0627\\u0644\\u0645\\u0633\\u0627\\u0644\\u0643 \\u0627\\u0644\\u0628\\u0648\\u0644\\u064a\\u0629 \\u062a\\u0648\\u0646\\u0633\\u060c \\u0627\\u0644\\u062c\\u0646\\u0641 \\u062a\\u0648\\u0646\\u0633\\u060c :[ar]\",\"breadcrumb\":{\"@id\":\"https:\/\/www.polycliniquenour.com\/ar\/%d8%a7%d9%84%d8%a3%d9%82%d8%b3%d8%a7%d9%85\/#breadcrumb\"},\"inLanguage\":\"ar\",\"potentialAction\":[{\"@type\":\"ReadAction\",\"target\":[\"https:\/\/www.polycliniquenour.com\/ar\/%d8%a7%d9%84%d8%a3%d9%82%d8%b3%d8%a7%d9%85\/\"]}]},{\"@type\":\"BreadcrumbList\",\"@id\":\"https:\/\/www.polycliniquenour.com\/ar\/%d8%a7%d9%84%d8%a3%d9%82%d8%b3%d8%a7%d9%85\/#breadcrumb\",\"itemListElement\":[{\"@type\":\"ListItem\",\"position\":1,\"name\":\"Home\",\"item\":\"https:\/\/www.polycliniquenour.com\/ar\/\"},{\"@type\":\"ListItem\",\"position\":2,\"name\":\"\\u0627\\u0644\\u0623\\u0642\\u0633\\u0627\\u0645\"}]}]}<\/script>\n<!-- \/ Yoast SEO plugin. -->","yoast_head_json":{"title":"\u0627\u0644\u0623\u0642\u0633\u0627\u0645 | Polyclinique Nour","description":"polyclinique nour tunisie, \u00e9tablissement sanitaire tunisie, urgence tunisie, chirurgie g\u00e9n\u00e9rale tunisie, cancer de prostate tunisie, ad\u00e9nome tunisie, neurochirurgien tunisie, tumeur c\u00e9r\u00e9brale tunisie, ophtalmo tunisie, chirurgie p\u00e9diatrie tunisie, pathologie endocrinienne tunisie, appareil digestif tunisie, m\u00e9decine pneumologie tunisie, pharynx tunisie, larynx tunisie, cardiologie tunisie, radiologie tunisie, chirurgie thoracique et cardio-vasculaire tunisie, urologique tunisie, scoliose tunisie, :[fr] \u0645\u0635\u062d\u0629 \u0646\u0648\u0631 \u062a\u0648\u0646\u0633\u060c \u0645\u0631\u0641\u0642 \u0635\u062d\u064a \u062a\u0648\u0646\u0633\u060c \u0627\u0644\u0627\u0633\u062a\u0639\u062c\u0627\u0644\u064a \u062a\u0648\u0646\u0633\u060c \u062c\u0631\u0627\u062d\u0629 \u0639\u0627\u0645\u0629 \u062a\u0648\u0646\u0633\u060c \u0633\u0631\u0637\u0627\u0646 \u0627\u0644\u0628\u0631\u0648\u0633\u062a\u0627\u062a \u062a\u0648\u0646\u0633\u060c \u062c\u0631\u0627\u062d\u0629 \u0627\u0644\u0645\u062b\u0627\u0646\u0629 \u062a\u0648\u0646\u0633\u060c \u062c\u0631\u0627\u062d\u0629 \u0627\u0644\u0623\u0639\u0635\u0627\u0628 \u062a\u0648\u0646\u0633\u060c \u0648\u0631\u0645 \u062f\u0645\u0627\u063a\u064a \u062a\u0648\u0646\u0633\u060c \u062f\u0643\u062a\u0648\u0631 \u0639\u064a\u0648\u0646 \u062a\u0648\u0646\u0633\u060c \u062c\u0631\u0627\u062d\u0629 \u0627\u0644\u0623\u0637\u0641\u0627\u0644 \u062a\u0648\u0646\u0633\u060c \u0623\u0645\u0631\u0627\u0636 \u0627\u0644\u063a\u062f\u062f \u0627\u0644\u0635\u0645\u0627\u0621 \u062a\u0648\u0646\u0633\u060c \u0627\u0644\u062c\u0647\u0627\u0632 \u0627\u0644\u0647\u0636\u0645\u064a \u062a\u0648\u0646\u0633\u060c \u0637\u0628 \u0627\u0644\u0631\u0626\u0629 \u062a\u0648\u0646\u0633\u060c \u062c\u0631\u0627\u062d\u0629 \u0627\u0644\u0628\u0644\u0639\u0648\u0645 \u062a\u0648\u0646\u0633\u060c \u062c\u0631\u0627\u062d\u0629 \u0627\u0644\u062d\u0646\u062c\u0631\u0629 \u062a\u0648\u0646\u0633\u060c \u0637\u0628 \u0627\u0644\u0642\u0644\u0628 \u062a\u0648\u0646\u0633\u060c \u062c\u0631\u0627\u062d\u0629 \u0627\u0644\u0627\u0634\u0639\u0629 \u062a\u0648\u0646\u0633\u060c \u062c\u0631\u0627\u062d\u0629 \u0627\u0644\u0635\u062f\u0631 \u0648\u0627\u0644\u0642\u0644\u0628 \u0648\u0627\u0644\u0623\u0648\u0639\u064a\u0629 \u0627\u0644\u062f\u0645\u0648\u064a\u0629 \u0641\u064a \u062a\u0648\u0646\u0633\u060c \u0627\u0644\u0645\u0633\u0627\u0644\u0643 \u0627\u0644\u0628\u0648\u0644\u064a\u0629 \u062a\u0648\u0646\u0633\u060c \u0627\u0644\u062c\u0646\u0641 \u062a\u0648\u0646\u0633\u060c :[ar]","robots":{"index":"index","follow":"follow","max-snippet":"max-snippet:-1","max-image-preview":"max-image-preview:large","max-video-preview":"max-video-preview:-1"},"canonical":"https:\/\/www.polycliniquenour.com\/ar\/\u0627\u0644\u0623\u0642\u0633\u0627\u0645\/","og_locale":"ar_AR","og_type":"article","og_title":"\u0627\u0644\u0623\u0642\u0633\u0627\u0645 | Polyclinique Nour","og_description":"polyclinique nour tunisie, \u00e9tablissement sanitaire tunisie, urgence tunisie, chirurgie g\u00e9n\u00e9rale tunisie, cancer de prostate tunisie, ad\u00e9nome tunisie, neurochirurgien tunisie, tumeur c\u00e9r\u00e9brale tunisie, ophtalmo tunisie, chirurgie p\u00e9diatrie tunisie, pathologie endocrinienne tunisie, appareil digestif tunisie, m\u00e9decine pneumologie tunisie, pharynx tunisie, larynx tunisie, cardiologie tunisie, radiologie tunisie, chirurgie thoracique et cardio-vasculaire tunisie, urologique tunisie, scoliose tunisie, :[fr] \u0645\u0635\u062d\u0629 \u0646\u0648\u0631 \u062a\u0648\u0646\u0633\u060c \u0645\u0631\u0641\u0642 \u0635\u062d\u064a \u062a\u0648\u0646\u0633\u060c \u0627\u0644\u0627\u0633\u062a\u0639\u062c\u0627\u0644\u064a \u062a\u0648\u0646\u0633\u060c \u062c\u0631\u0627\u062d\u0629 \u0639\u0627\u0645\u0629 \u062a\u0648\u0646\u0633\u060c \u0633\u0631\u0637\u0627\u0646 \u0627\u0644\u0628\u0631\u0648\u0633\u062a\u0627\u062a \u062a\u0648\u0646\u0633\u060c \u062c\u0631\u0627\u062d\u0629 \u0627\u0644\u0645\u062b\u0627\u0646\u0629 \u062a\u0648\u0646\u0633\u060c \u062c\u0631\u0627\u062d\u0629 \u0627\u0644\u0623\u0639\u0635\u0627\u0628 \u062a\u0648\u0646\u0633\u060c \u0648\u0631\u0645 \u062f\u0645\u0627\u063a\u064a \u062a\u0648\u0646\u0633\u060c \u062f\u0643\u062a\u0648\u0631 \u0639\u064a\u0648\u0646 \u062a\u0648\u0646\u0633\u060c \u062c\u0631\u0627\u062d\u0629 \u0627\u0644\u0623\u0637\u0641\u0627\u0644 \u062a\u0648\u0646\u0633\u060c \u0623\u0645\u0631\u0627\u0636 \u0627\u0644\u063a\u062f\u062f \u0627\u0644\u0635\u0645\u0627\u0621 \u062a\u0648\u0646\u0633\u060c \u0627\u0644\u062c\u0647\u0627\u0632 \u0627\u0644\u0647\u0636\u0645\u064a \u062a\u0648\u0646\u0633\u060c \u0637\u0628 \u0627\u0644\u0631\u0626\u0629 \u062a\u0648\u0646\u0633\u060c \u062c\u0631\u0627\u062d\u0629 \u0627\u0644\u0628\u0644\u0639\u0648\u0645 \u062a\u0648\u0646\u0633\u060c \u062c\u0631\u0627\u062d\u0629 \u0627\u0644\u062d\u0646\u062c\u0631\u0629 \u062a\u0648\u0646\u0633\u060c \u0637\u0628 \u0627\u0644\u0642\u0644\u0628 \u062a\u0648\u0646\u0633\u060c \u062c\u0631\u0627\u062d\u0629 \u0627\u0644\u0627\u0634\u0639\u0629 \u062a\u0648\u0646\u0633\u060c \u062c\u0631\u0627\u062d\u0629 \u0627\u0644\u0635\u062f\u0631 \u0648\u0627\u0644\u0642\u0644\u0628 \u0648\u0627\u0644\u0623\u0648\u0639\u064a\u0629 \u0627\u0644\u062f\u0645\u0648\u064a\u0629 \u0641\u064a \u062a\u0648\u0646\u0633\u060c \u0627\u0644\u0645\u0633\u0627\u0644\u0643 \u0627\u0644\u0628\u0648\u0644\u064a\u0629 \u062a\u0648\u0646\u0633\u060c \u0627\u0644\u062c\u0646\u0641 \u062a\u0648\u0646\u0633\u060c :[ar]","og_url":"https:\/\/www.polycliniquenour.com\/ar\/\u0627\u0644\u0623\u0642\u0633\u0627\u0645\/","og_site_name":"Polyclinique Nour","article_modified_time":"2021-12-20T17:29:19+00:00","twitter_card":"summary_large_image","schema":{"@context":"https:\/\/schema.org","@graph":[{"@type":"WebSite","@id":"https:\/\/www.polycliniquenour.com\/#website","url":"https:\/\/www.polycliniquenour.com\/","name":"Polyclinique Nour","description":"Etablissement sanitaire priv\u00e9 pluridisciplinaire","potentialAction":[{"@type":"SearchAction","target":{"@type":"EntryPoint","urlTemplate":"https:\/\/www.polycliniquenour.com\/?s={search_term_string}"},"query-input":"required name=search_term_string"}],"inLanguage":"ar"},{"@type":"WebPage","@id":"https:\/\/www.polycliniquenour.com\/ar\/%d8%a7%d9%84%d8%a3%d9%82%d8%b3%d8%a7%d9%85\/#webpage","url":"https:\/\/www.polycliniquenour.com\/ar\/%d8%a7%d9%84%d8%a3%d9%82%d8%b3%d8%a7%d9%85\/","name":"\u0627\u0644\u0623\u0642\u0633\u0627\u0645 | Polyclinique Nour","isPartOf":{"@id":"https:\/\/www.polycliniquenour.com\/#website"},"datePublished":"2021-12-14T14:53:32+00:00","dateModified":"2021-12-20T17:29:19+00:00","description":"polyclinique nour tunisie, \u00e9tablissement sanitaire tunisie, urgence tunisie, chirurgie g\u00e9n\u00e9rale tunisie, cancer de prostate tunisie, ad\u00e9nome tunisie, neurochirurgien tunisie, tumeur c\u00e9r\u00e9brale tunisie, ophtalmo tunisie, chirurgie p\u00e9diatrie tunisie, pathologie endocrinienne tunisie, appareil digestif tunisie, m\u00e9decine pneumologie tunisie, pharynx tunisie, larynx tunisie, cardiologie tunisie, radiologie tunisie, chirurgie thoracique et cardio-vasculaire tunisie, urologique tunisie, scoliose tunisie, :[fr] \u0645\u0635\u062d\u0629 \u0646\u0648\u0631 \u062a\u0648\u0646\u0633\u060c \u0645\u0631\u0641\u0642 \u0635\u062d\u064a \u062a\u0648\u0646\u0633\u060c \u0627\u0644\u0627\u0633\u062a\u0639\u062c\u0627\u0644\u064a \u062a\u0648\u0646\u0633\u060c \u062c\u0631\u0627\u062d\u0629 \u0639\u0627\u0645\u0629 \u062a\u0648\u0646\u0633\u060c \u0633\u0631\u0637\u0627\u0646 \u0627\u0644\u0628\u0631\u0648\u0633\u062a\u0627\u062a \u062a\u0648\u0646\u0633\u060c \u062c\u0631\u0627\u062d\u0629 \u0627\u0644\u0645\u062b\u0627\u0646\u0629 \u062a\u0648\u0646\u0633\u060c \u062c\u0631\u0627\u062d\u0629 \u0627\u0644\u0623\u0639\u0635\u0627\u0628 \u062a\u0648\u0646\u0633\u060c \u0648\u0631\u0645 \u062f\u0645\u0627\u063a\u064a \u062a\u0648\u0646\u0633\u060c \u062f\u0643\u062a\u0648\u0631 \u0639\u064a\u0648\u0646 \u062a\u0648\u0646\u0633\u060c \u062c\u0631\u0627\u062d\u0629 \u0627\u0644\u0623\u0637\u0641\u0627\u0644 \u062a\u0648\u0646\u0633\u060c \u0623\u0645\u0631\u0627\u0636 \u0627\u0644\u063a\u062f\u062f \u0627\u0644\u0635\u0645\u0627\u0621 \u062a\u0648\u0646\u0633\u060c \u0627\u0644\u062c\u0647\u0627\u0632 \u0627\u0644\u0647\u0636\u0645\u064a \u062a\u0648\u0646\u0633\u060c \u0637\u0628 \u0627\u0644\u0631\u0626\u0629 \u062a\u0648\u0646\u0633\u060c \u062c\u0631\u0627\u062d\u0629 \u0627\u0644\u0628\u0644\u0639\u0648\u0645 \u062a\u0648\u0646\u0633\u060c \u062c\u0631\u0627\u062d\u0629 \u0627\u0644\u062d\u0646\u062c\u0631\u0629 \u062a\u0648\u0646\u0633\u060c \u0637\u0628 \u0627\u0644\u0642\u0644\u0628 \u062a\u0648\u0646\u0633\u060c \u062c\u0631\u0627\u062d\u0629 \u0627\u0644\u0627\u0634\u0639\u0629 \u062a\u0648\u0646\u0633\u060c \u062c\u0631\u0627\u062d\u0629 \u0627\u0644\u0635\u062f\u0631 \u0648\u0627\u0644\u0642\u0644\u0628 \u0648\u0627\u0644\u0623\u0648\u0639\u064a\u0629 \u0627\u0644\u062f\u0645\u0648\u064a\u0629 \u0641\u064a \u062a\u0648\u0646\u0633\u060c \u0627\u0644\u0645\u0633\u0627\u0644\u0643 \u0627\u0644\u0628\u0648\u0644\u064a\u0629 \u062a\u0648\u0646\u0633\u060c \u0627\u0644\u062c\u0646\u0641 \u062a\u0648\u0646\u0633\u060c :[ar]","breadcrumb":{"@id":"https:\/\/www.polycliniquenour.com\/ar\/%d8%a7%d9%84%d8%a3%d9%82%d8%b3%d8%a7%d9%85\/#breadcrumb"},"inLanguage":"ar","potentialAction":[{"@type":"ReadAction","target":["https:\/\/www.polycliniquenour.com\/ar\/%d8%a7%d9%84%d8%a3%d9%82%d8%b3%d8%a7%d9%85\/"]}]},{"@type":"BreadcrumbList","@id":"https:\/\/www.polycliniquenour.com\/ar\/%d8%a7%d9%84%d8%a3%d9%82%d8%b3%d8%a7%d9%85\/#breadcrumb","itemListElement":[{"@type":"ListItem","position":1,"name":"Home","item":"https:\/\/www.polycliniquenour.com\/ar\/"},{"@type":"ListItem","position":2,"name":"\u0627\u0644\u0623\u0642\u0633\u0627\u0645"}]}]}},"_links":{"self":[{"href":"https:\/\/www.polycliniquenour.com\/ar\/wp-json\/wp\/v2\/pages\/8017"}],"collection":[{"href":"https:\/\/www.polycliniquenour.com\/ar\/wp-json\/wp\/v2\/pages"}],"about":[{"href":"https:\/\/www.polycliniquenour.com\/ar\/wp-json\/wp\/v2\/types\/page"}],"author":[{"embeddable":true,"href":"https:\/\/www.polycliniquenour.com\/ar\/wp-json\/wp\/v2\/users\/1"}],"replies":[{"embeddable":true,"href":"https:\/\/www.polycliniquenour.com\/ar\/wp-json\/wp\/v2\/comments?post=8017"}],"version-history":[{"count":3,"href":"https:\/\/www.polycliniquenour.com\/ar\/wp-json\/wp\/v2\/pages\/8017\/revisions"}],"predecessor-version":[{"id":9213,"href":"https:\/\/www.polycliniquenour.com\/ar\/wp-json\/wp\/v2\/pages\/8017\/revisions\/9213"}],"wp:attachment":[{"href":"https:\/\/www.polycliniquenour.com\/ar\/wp-json\/wp\/v2\/media?parent=8017"}],"curies":[{"name":"wp","href":"https:\/\/api.w.org\/{rel}","templated":true}]}}