{"id":8463,"date":"2021-12-15T22:10:14","date_gmt":"2021-12-15T21:10:14","guid":{"rendered":"https:\/\/www.polycliniquenour.com\/?page_id=8463"},"modified":"2022-01-01T16:55:26","modified_gmt":"2022-01-01T15:55:26","slug":"%d9%81%d9%8a%d8%af%d9%8a%d9%88","status":"publish","type":"page","link":"https:\/\/www.polycliniquenour.com\/ar\/%d9%81%d9%8a%d8%af%d9%8a%d9%88\/","title":{"rendered":"\u0641\u064a\u062f\u064a\u0648"},"content":{"rendered":"\t\t<div data-elementor-type=\"wp-page\" data-elementor-id=\"8463\" class=\"elementor elementor-8463\" data-elementor-settings=\"[]\">\n\t\t\t\t\t\t<div class=\"elementor-inner\">\n\t\t\t\t\t\t\t<div class=\"elementor-section-wrap\">\n\t\t\t\t\t\t\t<section class=\"elementor-section elementor-top-section elementor-element elementor-element-499d547 elementor-section-boxed elementor-section-height-default elementor-section-height-default\" data-id=\"499d547\" data-element_type=\"section\">\n\t\t\t\t\t\t<div class=\"elementor-container elementor-column-gap-default\">\n\t\t\t\t\t\t\t<div class=\"elementor-row\">\n\t\t\t\t\t<div class=\"elementor-column elementor-col-100 elementor-top-column elementor-element elementor-element-9958e8a\" data-id=\"9958e8a\" data-element_type=\"column\">\n\t\t\t<div class=\"elementor-column-wrap elementor-element-populated\">\n\t\t\t\t\t\t\t<div class=\"elementor-widget-wrap\">\n\t\t\t\t\t\t<div class=\"elementor-element elementor-element-d9b2c61 elementor-aspect-ratio-169 elementor-widget elementor-widget-video\" data-id=\"d9b2c61\" data-element_type=\"widget\" data-settings=\"{&quot;youtube_url&quot;:&quot;https:\\\/\\\/youtu.be\\\/0lgzPoKRVE8&quot;,&quot;video_type&quot;:&quot;youtube&quot;,&quot;controls&quot;:&quot;yes&quot;,&quot;aspect_ratio&quot;:&quot;169&quot;}\" data-widget_type=\"video.default\">\n\t\t\t\t<div class=\"elementor-widget-container\">\n\t\t\t\t\t<div class=\"elementor-wrapper elementor-fit-aspect-ratio elementor-open-inline\">\n\t\t\t<div class=\"elementor-video\"><\/div>\t\t<\/div>\n\t\t\t\t<\/div>\n\t\t\t\t<\/div>\n\t\t\t\t\t\t<\/div>\n\t\t\t\t\t<\/div>\n\t\t<\/div>\n\t\t\t\t\t\t\t\t<\/div>\n\t\t\t\t\t<\/div>\n\t\t<\/section>\n\t\t\t\t\t\t<\/div>\n\t\t\t\t\t\t<\/div>\n\t\t\t\t\t<\/div>\n\t\t","protected":false},"excerpt":{"rendered":"","protected":false},"author":1,"featured_media":0,"parent":0,"menu_order":0,"comment_status":"closed","ping_status":"closed","template":"","meta":[],"yoast_head":"<!-- This site is optimized with the Yoast SEO plugin v17.9 - https:\/\/yoast.com\/wordpress\/plugins\/seo\/ -->\n<title>\u0641\u064a\u062f\u064a\u0648 | Polyclinique Nour<\/title>\n<meta name=\"description\" content=\"polyclinique nour tunisie, \u00e9tablissement sanitaire tunisie, urgence tunisie, chirurgie g\u00e9n\u00e9rale tunisie, cancer de prostate tunisie, ad\u00e9nome tunisie, neurochirurgien tunisie, tumeur c\u00e9r\u00e9brale tunisie, ophtalmo tunisie, chirurgie p\u00e9diatrie tunisie, pathologie endocrinienne tunisie, appareil digestif tunisie, m\u00e9decine pneumologie tunisie, pharynx tunisie, larynx tunisie, cardiologie tunisie, radiologie tunisie, chirurgie thoracique et cardio-vasculaire tunisie, urologique tunisie, scoliose tunisie, :[fr] \u0645\u0635\u062d\u0629 \u0646\u0648\u0631 \u062a\u0648\u0646\u0633\u060c \u0645\u0631\u0641\u0642 \u0635\u062d\u064a \u062a\u0648\u0646\u0633\u060c \u0627\u0644\u0627\u0633\u062a\u0639\u062c\u0627\u0644\u064a \u062a\u0648\u0646\u0633\u060c \u062c\u0631\u0627\u062d\u0629 \u0639\u0627\u0645\u0629 \u062a\u0648\u0646\u0633\u060c \u0633\u0631\u0637\u0627\u0646 \u0627\u0644\u0628\u0631\u0648\u0633\u062a\u0627\u062a \u062a\u0648\u0646\u0633\u060c \u062c\u0631\u0627\u062d\u0629 \u0627\u0644\u0645\u062b\u0627\u0646\u0629 \u062a\u0648\u0646\u0633\u060c \u062c\u0631\u0627\u062d\u0629 \u0627\u0644\u0623\u0639\u0635\u0627\u0628 \u062a\u0648\u0646\u0633\u060c \u0648\u0631\u0645 \u062f\u0645\u0627\u063a\u064a \u062a\u0648\u0646\u0633\u060c \u062f\u0643\u062a\u0648\u0631 \u0639\u064a\u0648\u0646 \u062a\u0648\u0646\u0633\u060c \u062c\u0631\u0627\u062d\u0629 \u0627\u0644\u0623\u0637\u0641\u0627\u0644 \u062a\u0648\u0646\u0633\u060c \u0623\u0645\u0631\u0627\u0636 \u0627\u0644\u063a\u062f\u062f \u0627\u0644\u0635\u0645\u0627\u0621 \u062a\u0648\u0646\u0633\u060c \u0627\u0644\u062c\u0647\u0627\u0632 \u0627\u0644\u0647\u0636\u0645\u064a \u062a\u0648\u0646\u0633\u060c \u0637\u0628 \u0627\u0644\u0631\u0626\u0629 \u062a\u0648\u0646\u0633\u060c \u062c\u0631\u0627\u062d\u0629 \u0627\u0644\u0628\u0644\u0639\u0648\u0645 \u062a\u0648\u0646\u0633\u060c \u062c\u0631\u0627\u062d\u0629 \u0627\u0644\u062d\u0646\u062c\u0631\u0629 \u062a\u0648\u0646\u0633\u060c \u0637\u0628 \u0627\u0644\u0642\u0644\u0628 \u062a\u0648\u0646\u0633\u060c \u062c\u0631\u0627\u062d\u0629 \u0627\u0644\u0627\u0634\u0639\u0629 \u062a\u0648\u0646\u0633\u060c \u062c\u0631\u0627\u062d\u0629 \u0627\u0644\u0635\u062f\u0631 \u0648\u0627\u0644\u0642\u0644\u0628 \u0648\u0627\u0644\u0623\u0648\u0639\u064a\u0629 \u0627\u0644\u062f\u0645\u0648\u064a\u0629 \u0641\u064a \u062a\u0648\u0646\u0633\u060c \u0627\u0644\u0645\u0633\u0627\u0644\u0643 \u0627\u0644\u0628\u0648\u0644\u064a\u0629 \u062a\u0648\u0646\u0633\u060c \u0627\u0644\u062c\u0646\u0641 \u062a\u0648\u0646\u0633\u060c :[ar]\" \/>\n<meta name=\"robots\" content=\"index, follow, max-snippet:-1, max-image-preview:large, max-video-preview:-1\" \/>\n<link rel=\"canonical\" href=\"https:\/\/www.polycliniquenour.com\/ar\/\u0641\u064a\u062f\u064a\u0648\/\" \/>\n<meta property=\"og:locale\" content=\"ar_AR\" \/>\n<meta property=\"og:type\" content=\"article\" \/>\n<meta property=\"og:title\" content=\"\u0641\u064a\u062f\u064a\u0648 | Polyclinique Nour\" \/>\n<meta property=\"og:description\" content=\"polyclinique nour tunisie, \u00e9tablissement sanitaire tunisie, urgence tunisie, chirurgie g\u00e9n\u00e9rale tunisie, cancer de prostate tunisie, ad\u00e9nome tunisie, neurochirurgien tunisie, tumeur c\u00e9r\u00e9brale tunisie, ophtalmo tunisie, chirurgie p\u00e9diatrie tunisie, pathologie endocrinienne tunisie, appareil digestif tunisie, m\u00e9decine pneumologie tunisie, pharynx tunisie, larynx tunisie, cardiologie tunisie, radiologie tunisie, chirurgie thoracique et cardio-vasculaire tunisie, urologique tunisie, scoliose tunisie, :[fr] \u0645\u0635\u062d\u0629 \u0646\u0648\u0631 \u062a\u0648\u0646\u0633\u060c \u0645\u0631\u0641\u0642 \u0635\u062d\u064a \u062a\u0648\u0646\u0633\u060c \u0627\u0644\u0627\u0633\u062a\u0639\u062c\u0627\u0644\u064a \u062a\u0648\u0646\u0633\u060c \u062c\u0631\u0627\u062d\u0629 \u0639\u0627\u0645\u0629 \u062a\u0648\u0646\u0633\u060c \u0633\u0631\u0637\u0627\u0646 \u0627\u0644\u0628\u0631\u0648\u0633\u062a\u0627\u062a \u062a\u0648\u0646\u0633\u060c \u062c\u0631\u0627\u062d\u0629 \u0627\u0644\u0645\u062b\u0627\u0646\u0629 \u062a\u0648\u0646\u0633\u060c \u062c\u0631\u0627\u062d\u0629 \u0627\u0644\u0623\u0639\u0635\u0627\u0628 \u062a\u0648\u0646\u0633\u060c \u0648\u0631\u0645 \u062f\u0645\u0627\u063a\u064a \u062a\u0648\u0646\u0633\u060c \u062f\u0643\u062a\u0648\u0631 \u0639\u064a\u0648\u0646 \u062a\u0648\u0646\u0633\u060c \u062c\u0631\u0627\u062d\u0629 \u0627\u0644\u0623\u0637\u0641\u0627\u0644 \u062a\u0648\u0646\u0633\u060c \u0623\u0645\u0631\u0627\u0636 \u0627\u0644\u063a\u062f\u062f \u0627\u0644\u0635\u0645\u0627\u0621 \u062a\u0648\u0646\u0633\u060c \u0627\u0644\u062c\u0647\u0627\u0632 \u0627\u0644\u0647\u0636\u0645\u064a \u062a\u0648\u0646\u0633\u060c \u0637\u0628 \u0627\u0644\u0631\u0626\u0629 \u062a\u0648\u0646\u0633\u060c \u062c\u0631\u0627\u062d\u0629 \u0627\u0644\u0628\u0644\u0639\u0648\u0645 \u062a\u0648\u0646\u0633\u060c \u062c\u0631\u0627\u062d\u0629 \u0627\u0644\u062d\u0646\u062c\u0631\u0629 \u062a\u0648\u0646\u0633\u060c \u0637\u0628 \u0627\u0644\u0642\u0644\u0628 \u062a\u0648\u0646\u0633\u060c \u062c\u0631\u0627\u062d\u0629 \u0627\u0644\u0627\u0634\u0639\u0629 \u062a\u0648\u0646\u0633\u060c \u062c\u0631\u0627\u062d\u0629 \u0627\u0644\u0635\u062f\u0631 \u0648\u0627\u0644\u0642\u0644\u0628 \u0648\u0627\u0644\u0623\u0648\u0639\u064a\u0629 \u0627\u0644\u062f\u0645\u0648\u064a\u0629 \u0641\u064a \u062a\u0648\u0646\u0633\u060c \u0627\u0644\u0645\u0633\u0627\u0644\u0643 \u0627\u0644\u0628\u0648\u0644\u064a\u0629 \u062a\u0648\u0646\u0633\u060c \u0627\u0644\u062c\u0646\u0641 \u062a\u0648\u0646\u0633\u060c :[ar]\" \/>\n<meta property=\"og:url\" content=\"https:\/\/www.polycliniquenour.com\/ar\/\u0641\u064a\u062f\u064a\u0648\/\" \/>\n<meta property=\"og:site_name\" content=\"Polyclinique Nour\" \/>\n<meta property=\"article:modified_time\" content=\"2022-01-01T15:55:26+00:00\" \/>\n<meta name=\"twitter:card\" content=\"summary_large_image\" \/>\n<script type=\"application\/ld+json\" class=\"yoast-schema-graph\">{\"@context\":\"https:\/\/schema.org\",\"@graph\":[{\"@type\":\"WebSite\",\"@id\":\"https:\/\/www.polycliniquenour.com\/#website\",\"url\":\"https:\/\/www.polycliniquenour.com\/\",\"name\":\"Polyclinique Nour\",\"description\":\"Etablissement sanitaire priv\\u00e9 pluridisciplinaire\",\"potentialAction\":[{\"@type\":\"SearchAction\",\"target\":{\"@type\":\"EntryPoint\",\"urlTemplate\":\"https:\/\/www.polycliniquenour.com\/?s={search_term_string}\"},\"query-input\":\"required name=search_term_string\"}],\"inLanguage\":\"ar\"},{\"@type\":\"WebPage\",\"@id\":\"https:\/\/www.polycliniquenour.com\/ar\/%d9%81%d9%8a%d8%af%d9%8a%d9%88\/#webpage\",\"url\":\"https:\/\/www.polycliniquenour.com\/ar\/%d9%81%d9%8a%d8%af%d9%8a%d9%88\/\",\"name\":\"\\u0641\\u064a\\u062f\\u064a\\u0648 | Polyclinique Nour\",\"isPartOf\":{\"@id\":\"https:\/\/www.polycliniquenour.com\/#website\"},\"datePublished\":\"2021-12-15T21:10:14+00:00\",\"dateModified\":\"2022-01-01T15:55:26+00:00\",\"description\":\"polyclinique nour tunisie, \\u00e9tablissement sanitaire tunisie, urgence tunisie, chirurgie g\\u00e9n\\u00e9rale tunisie, cancer de prostate tunisie, ad\\u00e9nome tunisie, neurochirurgien tunisie, tumeur c\\u00e9r\\u00e9brale tunisie, ophtalmo tunisie, chirurgie p\\u00e9diatrie tunisie, pathologie endocrinienne tunisie, appareil digestif tunisie, m\\u00e9decine pneumologie tunisie, pharynx tunisie, larynx tunisie, cardiologie tunisie, radiologie tunisie, chirurgie thoracique et cardio-vasculaire tunisie, urologique tunisie, scoliose tunisie, :[fr] \\u0645\\u0635\\u062d\\u0629 \\u0646\\u0648\\u0631 \\u062a\\u0648\\u0646\\u0633\\u060c \\u0645\\u0631\\u0641\\u0642 \\u0635\\u062d\\u064a \\u062a\\u0648\\u0646\\u0633\\u060c \\u0627\\u0644\\u0627\\u0633\\u062a\\u0639\\u062c\\u0627\\u0644\\u064a \\u062a\\u0648\\u0646\\u0633\\u060c \\u062c\\u0631\\u0627\\u062d\\u0629 \\u0639\\u0627\\u0645\\u0629 \\u062a\\u0648\\u0646\\u0633\\u060c \\u0633\\u0631\\u0637\\u0627\\u0646 \\u0627\\u0644\\u0628\\u0631\\u0648\\u0633\\u062a\\u0627\\u062a \\u062a\\u0648\\u0646\\u0633\\u060c \\u062c\\u0631\\u0627\\u062d\\u0629 \\u0627\\u0644\\u0645\\u062b\\u0627\\u0646\\u0629 \\u062a\\u0648\\u0646\\u0633\\u060c \\u062c\\u0631\\u0627\\u062d\\u0629 \\u0627\\u0644\\u0623\\u0639\\u0635\\u0627\\u0628 \\u062a\\u0648\\u0646\\u0633\\u060c \\u0648\\u0631\\u0645 \\u062f\\u0645\\u0627\\u063a\\u064a \\u062a\\u0648\\u0646\\u0633\\u060c \\u062f\\u0643\\u062a\\u0648\\u0631 \\u0639\\u064a\\u0648\\u0646 \\u062a\\u0648\\u0646\\u0633\\u060c \\u062c\\u0631\\u0627\\u062d\\u0629 \\u0627\\u0644\\u0623\\u0637\\u0641\\u0627\\u0644 \\u062a\\u0648\\u0646\\u0633\\u060c \\u0623\\u0645\\u0631\\u0627\\u0636 \\u0627\\u0644\\u063a\\u062f\\u062f \\u0627\\u0644\\u0635\\u0645\\u0627\\u0621 \\u062a\\u0648\\u0646\\u0633\\u060c \\u0627\\u0644\\u062c\\u0647\\u0627\\u0632 \\u0627\\u0644\\u0647\\u0636\\u0645\\u064a \\u062a\\u0648\\u0646\\u0633\\u060c \\u0637\\u0628 \\u0627\\u0644\\u0631\\u0626\\u0629 \\u062a\\u0648\\u0646\\u0633\\u060c \\u062c\\u0631\\u0627\\u062d\\u0629 \\u0627\\u0644\\u0628\\u0644\\u0639\\u0648\\u0645 \\u062a\\u0648\\u0646\\u0633\\u060c \\u062c\\u0631\\u0627\\u062d\\u0629 \\u0627\\u0644\\u062d\\u0646\\u062c\\u0631\\u0629 \\u062a\\u0648\\u0646\\u0633\\u060c \\u0637\\u0628 \\u0627\\u0644\\u0642\\u0644\\u0628 \\u062a\\u0648\\u0646\\u0633\\u060c \\u062c\\u0631\\u0627\\u062d\\u0629 \\u0627\\u0644\\u0627\\u0634\\u0639\\u0629 \\u062a\\u0648\\u0646\\u0633\\u060c \\u062c\\u0631\\u0627\\u062d\\u0629 \\u0627\\u0644\\u0635\\u062f\\u0631 \\u0648\\u0627\\u0644\\u0642\\u0644\\u0628 \\u0648\\u0627\\u0644\\u0623\\u0648\\u0639\\u064a\\u0629 \\u0627\\u0644\\u062f\\u0645\\u0648\\u064a\\u0629 \\u0641\\u064a \\u062a\\u0648\\u0646\\u0633\\u060c \\u0627\\u0644\\u0645\\u0633\\u0627\\u0644\\u0643 \\u0627\\u0644\\u0628\\u0648\\u0644\\u064a\\u0629 \\u062a\\u0648\\u0646\\u0633\\u060c \\u0627\\u0644\\u062c\\u0646\\u0641 \\u062a\\u0648\\u0646\\u0633\\u060c :[ar]\",\"breadcrumb\":{\"@id\":\"https:\/\/www.polycliniquenour.com\/ar\/%d9%81%d9%8a%d8%af%d9%8a%d9%88\/#breadcrumb\"},\"inLanguage\":\"ar\",\"potentialAction\":[{\"@type\":\"ReadAction\",\"target\":[\"https:\/\/www.polycliniquenour.com\/ar\/%d9%81%d9%8a%d8%af%d9%8a%d9%88\/\"]}]},{\"@type\":\"BreadcrumbList\",\"@id\":\"https:\/\/www.polycliniquenour.com\/ar\/%d9%81%d9%8a%d8%af%d9%8a%d9%88\/#breadcrumb\",\"itemListElement\":[{\"@type\":\"ListItem\",\"position\":1,\"name\":\"Home\",\"item\":\"https:\/\/www.polycliniquenour.com\/ar\/\"},{\"@type\":\"ListItem\",\"position\":2,\"name\":\"\\u0641\\u064a\\u062f\\u064a\\u0648\"}]}]}<\/script>\n<!-- \/ Yoast SEO plugin. -->","yoast_head_json":{"title":"\u0641\u064a\u062f\u064a\u0648 | Polyclinique Nour","description":"polyclinique nour tunisie, \u00e9tablissement sanitaire tunisie, urgence tunisie, chirurgie g\u00e9n\u00e9rale tunisie, cancer de prostate tunisie, ad\u00e9nome tunisie, neurochirurgien tunisie, tumeur c\u00e9r\u00e9brale tunisie, ophtalmo tunisie, chirurgie p\u00e9diatrie tunisie, pathologie endocrinienne tunisie, appareil digestif tunisie, m\u00e9decine pneumologie tunisie, pharynx tunisie, larynx tunisie, cardiologie tunisie, radiologie tunisie, chirurgie thoracique et cardio-vasculaire tunisie, urologique tunisie, scoliose tunisie, :[fr] \u0645\u0635\u062d\u0629 \u0646\u0648\u0631 \u062a\u0648\u0646\u0633\u060c \u0645\u0631\u0641\u0642 \u0635\u062d\u064a \u062a\u0648\u0646\u0633\u060c \u0627\u0644\u0627\u0633\u062a\u0639\u062c\u0627\u0644\u064a \u062a\u0648\u0646\u0633\u060c \u062c\u0631\u0627\u062d\u0629 \u0639\u0627\u0645\u0629 \u062a\u0648\u0646\u0633\u060c \u0633\u0631\u0637\u0627\u0646 \u0627\u0644\u0628\u0631\u0648\u0633\u062a\u0627\u062a \u062a\u0648\u0646\u0633\u060c \u062c\u0631\u0627\u062d\u0629 \u0627\u0644\u0645\u062b\u0627\u0646\u0629 \u062a\u0648\u0646\u0633\u060c \u062c\u0631\u0627\u062d\u0629 \u0627\u0644\u0623\u0639\u0635\u0627\u0628 \u062a\u0648\u0646\u0633\u060c \u0648\u0631\u0645 \u062f\u0645\u0627\u063a\u064a \u062a\u0648\u0646\u0633\u060c \u062f\u0643\u062a\u0648\u0631 \u0639\u064a\u0648\u0646 \u062a\u0648\u0646\u0633\u060c \u062c\u0631\u0627\u062d\u0629 \u0627\u0644\u0623\u0637\u0641\u0627\u0644 \u062a\u0648\u0646\u0633\u060c \u0623\u0645\u0631\u0627\u0636 \u0627\u0644\u063a\u062f\u062f \u0627\u0644\u0635\u0645\u0627\u0621 \u062a\u0648\u0646\u0633\u060c \u0627\u0644\u062c\u0647\u0627\u0632 \u0627\u0644\u0647\u0636\u0645\u064a \u062a\u0648\u0646\u0633\u060c \u0637\u0628 \u0627\u0644\u0631\u0626\u0629 \u062a\u0648\u0646\u0633\u060c \u062c\u0631\u0627\u062d\u0629 \u0627\u0644\u0628\u0644\u0639\u0648\u0645 \u062a\u0648\u0646\u0633\u060c \u062c\u0631\u0627\u062d\u0629 \u0627\u0644\u062d\u0646\u062c\u0631\u0629 \u062a\u0648\u0646\u0633\u060c \u0637\u0628 \u0627\u0644\u0642\u0644\u0628 \u062a\u0648\u0646\u0633\u060c \u062c\u0631\u0627\u062d\u0629 \u0627\u0644\u0627\u0634\u0639\u0629 \u062a\u0648\u0646\u0633\u060c \u062c\u0631\u0627\u062d\u0629 \u0627\u0644\u0635\u062f\u0631 \u0648\u0627\u0644\u0642\u0644\u0628 \u0648\u0627\u0644\u0623\u0648\u0639\u064a\u0629 \u0627\u0644\u062f\u0645\u0648\u064a\u0629 \u0641\u064a \u062a\u0648\u0646\u0633\u060c \u0627\u0644\u0645\u0633\u0627\u0644\u0643 \u0627\u0644\u0628\u0648\u0644\u064a\u0629 \u062a\u0648\u0646\u0633\u060c \u0627\u0644\u062c\u0646\u0641 \u062a\u0648\u0646\u0633\u060c :[ar]","robots":{"index":"index","follow":"follow","max-snippet":"max-snippet:-1","max-image-preview":"max-image-preview:large","max-video-preview":"max-video-preview:-1"},"canonical":"https:\/\/www.polycliniquenour.com\/ar\/\u0641\u064a\u062f\u064a\u0648\/","og_locale":"ar_AR","og_type":"article","og_title":"\u0641\u064a\u062f\u064a\u0648 | Polyclinique Nour","og_description":"polyclinique nour tunisie, \u00e9tablissement sanitaire tunisie, urgence tunisie, chirurgie g\u00e9n\u00e9rale tunisie, cancer de prostate tunisie, ad\u00e9nome tunisie, neurochirurgien tunisie, tumeur c\u00e9r\u00e9brale tunisie, ophtalmo tunisie, chirurgie p\u00e9diatrie tunisie, pathologie endocrinienne tunisie, appareil digestif tunisie, m\u00e9decine pneumologie tunisie, pharynx tunisie, larynx tunisie, cardiologie tunisie, radiologie tunisie, chirurgie thoracique et cardio-vasculaire tunisie, urologique tunisie, scoliose tunisie, :[fr] \u0645\u0635\u062d\u0629 \u0646\u0648\u0631 \u062a\u0648\u0646\u0633\u060c \u0645\u0631\u0641\u0642 \u0635\u062d\u064a \u062a\u0648\u0646\u0633\u060c \u0627\u0644\u0627\u0633\u062a\u0639\u062c\u0627\u0644\u064a \u062a\u0648\u0646\u0633\u060c \u062c\u0631\u0627\u062d\u0629 \u0639\u0627\u0645\u0629 \u062a\u0648\u0646\u0633\u060c \u0633\u0631\u0637\u0627\u0646 \u0627\u0644\u0628\u0631\u0648\u0633\u062a\u0627\u062a \u062a\u0648\u0646\u0633\u060c \u062c\u0631\u0627\u062d\u0629 \u0627\u0644\u0645\u062b\u0627\u0646\u0629 \u062a\u0648\u0646\u0633\u060c \u062c\u0631\u0627\u062d\u0629 \u0627\u0644\u0623\u0639\u0635\u0627\u0628 \u062a\u0648\u0646\u0633\u060c \u0648\u0631\u0645 \u062f\u0645\u0627\u063a\u064a \u062a\u0648\u0646\u0633\u060c \u062f\u0643\u062a\u0648\u0631 \u0639\u064a\u0648\u0646 \u062a\u0648\u0646\u0633\u060c \u062c\u0631\u0627\u062d\u0629 \u0627\u0644\u0623\u0637\u0641\u0627\u0644 \u062a\u0648\u0646\u0633\u060c \u0623\u0645\u0631\u0627\u0636 \u0627\u0644\u063a\u062f\u062f \u0627\u0644\u0635\u0645\u0627\u0621 \u062a\u0648\u0646\u0633\u060c \u0627\u0644\u062c\u0647\u0627\u0632 \u0627\u0644\u0647\u0636\u0645\u064a \u062a\u0648\u0646\u0633\u060c \u0637\u0628 \u0627\u0644\u0631\u0626\u0629 \u062a\u0648\u0646\u0633\u060c \u062c\u0631\u0627\u062d\u0629 \u0627\u0644\u0628\u0644\u0639\u0648\u0645 \u062a\u0648\u0646\u0633\u060c \u062c\u0631\u0627\u062d\u0629 \u0627\u0644\u062d\u0646\u062c\u0631\u0629 \u062a\u0648\u0646\u0633\u060c \u0637\u0628 \u0627\u0644\u0642\u0644\u0628 \u062a\u0648\u0646\u0633\u060c \u062c\u0631\u0627\u062d\u0629 \u0627\u0644\u0627\u0634\u0639\u0629 \u062a\u0648\u0646\u0633\u060c \u062c\u0631\u0627\u062d\u0629 \u0627\u0644\u0635\u062f\u0631 \u0648\u0627\u0644\u0642\u0644\u0628 \u0648\u0627\u0644\u0623\u0648\u0639\u064a\u0629 \u0627\u0644\u062f\u0645\u0648\u064a\u0629 \u0641\u064a \u062a\u0648\u0646\u0633\u060c \u0627\u0644\u0645\u0633\u0627\u0644\u0643 \u0627\u0644\u0628\u0648\u0644\u064a\u0629 \u062a\u0648\u0646\u0633\u060c \u0627\u0644\u062c\u0646\u0641 \u062a\u0648\u0646\u0633\u060c :[ar]","og_url":"https:\/\/www.polycliniquenour.com\/ar\/\u0641\u064a\u062f\u064a\u0648\/","og_site_name":"Polyclinique Nour","article_modified_time":"2022-01-01T15:55:26+00:00","twitter_card":"summary_large_image","schema":{"@context":"https:\/\/schema.org","@graph":[{"@type":"WebSite","@id":"https:\/\/www.polycliniquenour.com\/#website","url":"https:\/\/www.polycliniquenour.com\/","name":"Polyclinique Nour","description":"Etablissement sanitaire priv\u00e9 pluridisciplinaire","potentialAction":[{"@type":"SearchAction","target":{"@type":"EntryPoint","urlTemplate":"https:\/\/www.polycliniquenour.com\/?s={search_term_string}"},"query-input":"required name=search_term_string"}],"inLanguage":"ar"},{"@type":"WebPage","@id":"https:\/\/www.polycliniquenour.com\/ar\/%d9%81%d9%8a%d8%af%d9%8a%d9%88\/#webpage","url":"https:\/\/www.polycliniquenour.com\/ar\/%d9%81%d9%8a%d8%af%d9%8a%d9%88\/","name":"\u0641\u064a\u062f\u064a\u0648 | Polyclinique Nour","isPartOf":{"@id":"https:\/\/www.polycliniquenour.com\/#website"},"datePublished":"2021-12-15T21:10:14+00:00","dateModified":"2022-01-01T15:55:26+00:00","description":"polyclinique nour tunisie, \u00e9tablissement sanitaire tunisie, urgence tunisie, chirurgie g\u00e9n\u00e9rale tunisie, cancer de prostate tunisie, ad\u00e9nome tunisie, neurochirurgien tunisie, tumeur c\u00e9r\u00e9brale tunisie, ophtalmo tunisie, chirurgie p\u00e9diatrie tunisie, pathologie endocrinienne tunisie, appareil digestif tunisie, m\u00e9decine pneumologie tunisie, pharynx tunisie, larynx tunisie, cardiologie tunisie, radiologie tunisie, chirurgie thoracique et cardio-vasculaire tunisie, urologique tunisie, scoliose tunisie, :[fr] \u0645\u0635\u062d\u0629 \u0646\u0648\u0631 \u062a\u0648\u0646\u0633\u060c \u0645\u0631\u0641\u0642 \u0635\u062d\u064a \u062a\u0648\u0646\u0633\u060c \u0627\u0644\u0627\u0633\u062a\u0639\u062c\u0627\u0644\u064a \u062a\u0648\u0646\u0633\u060c \u062c\u0631\u0627\u062d\u0629 \u0639\u0627\u0645\u0629 \u062a\u0648\u0646\u0633\u060c \u0633\u0631\u0637\u0627\u0646 \u0627\u0644\u0628\u0631\u0648\u0633\u062a\u0627\u062a \u062a\u0648\u0646\u0633\u060c \u062c\u0631\u0627\u062d\u0629 \u0627\u0644\u0645\u062b\u0627\u0646\u0629 \u062a\u0648\u0646\u0633\u060c \u062c\u0631\u0627\u062d\u0629 \u0627\u0644\u0623\u0639\u0635\u0627\u0628 \u062a\u0648\u0646\u0633\u060c \u0648\u0631\u0645 \u062f\u0645\u0627\u063a\u064a \u062a\u0648\u0646\u0633\u060c \u062f\u0643\u062a\u0648\u0631 \u0639\u064a\u0648\u0646 \u062a\u0648\u0646\u0633\u060c \u062c\u0631\u0627\u062d\u0629 \u0627\u0644\u0623\u0637\u0641\u0627\u0644 \u062a\u0648\u0646\u0633\u060c \u0623\u0645\u0631\u0627\u0636 \u0627\u0644\u063a\u062f\u062f \u0627\u0644\u0635\u0645\u0627\u0621 \u062a\u0648\u0646\u0633\u060c \u0627\u0644\u062c\u0647\u0627\u0632 \u0627\u0644\u0647\u0636\u0645\u064a \u062a\u0648\u0646\u0633\u060c \u0637\u0628 \u0627\u0644\u0631\u0626\u0629 \u062a\u0648\u0646\u0633\u060c \u062c\u0631\u0627\u062d\u0629 \u0627\u0644\u0628\u0644\u0639\u0648\u0645 \u062a\u0648\u0646\u0633\u060c \u062c\u0631\u0627\u062d\u0629 \u0627\u0644\u062d\u0646\u062c\u0631\u0629 \u062a\u0648\u0646\u0633\u060c \u0637\u0628 \u0627\u0644\u0642\u0644\u0628 \u062a\u0648\u0646\u0633\u060c \u062c\u0631\u0627\u062d\u0629 \u0627\u0644\u0627\u0634\u0639\u0629 \u062a\u0648\u0646\u0633\u060c \u062c\u0631\u0627\u062d\u0629 \u0627\u0644\u0635\u062f\u0631 \u0648\u0627\u0644\u0642\u0644\u0628 \u0648\u0627\u0644\u0623\u0648\u0639\u064a\u0629 \u0627\u0644\u062f\u0645\u0648\u064a\u0629 \u0641\u064a \u062a\u0648\u0646\u0633\u060c \u0627\u0644\u0645\u0633\u0627\u0644\u0643 \u0627\u0644\u0628\u0648\u0644\u064a\u0629 \u062a\u0648\u0646\u0633\u060c \u0627\u0644\u062c\u0646\u0641 \u062a\u0648\u0646\u0633\u060c :[ar]","breadcrumb":{"@id":"https:\/\/www.polycliniquenour.com\/ar\/%d9%81%d9%8a%d8%af%d9%8a%d9%88\/#breadcrumb"},"inLanguage":"ar","potentialAction":[{"@type":"ReadAction","target":["https:\/\/www.polycliniquenour.com\/ar\/%d9%81%d9%8a%d8%af%d9%8a%d9%88\/"]}]},{"@type":"BreadcrumbList","@id":"https:\/\/www.polycliniquenour.com\/ar\/%d9%81%d9%8a%d8%af%d9%8a%d9%88\/#breadcrumb","itemListElement":[{"@type":"ListItem","position":1,"name":"Home","item":"https:\/\/www.polycliniquenour.com\/ar\/"},{"@type":"ListItem","position":2,"name":"\u0641\u064a\u062f\u064a\u0648"}]}]}},"_links":{"self":[{"href":"https:\/\/www.polycliniquenour.com\/ar\/wp-json\/wp\/v2\/pages\/8463"}],"collection":[{"href":"https:\/\/www.polycliniquenour.com\/ar\/wp-json\/wp\/v2\/pages"}],"about":[{"href":"https:\/\/www.polycliniquenour.com\/ar\/wp-json\/wp\/v2\/types\/page"}],"author":[{"embeddable":true,"href":"https:\/\/www.polycliniquenour.com\/ar\/wp-json\/wp\/v2\/users\/1"}],"replies":[{"embeddable":true,"href":"https:\/\/www.polycliniquenour.com\/ar\/wp-json\/wp\/v2\/comments?post=8463"}],"version-history":[{"count":2,"href":"https:\/\/www.polycliniquenour.com\/ar\/wp-json\/wp\/v2\/pages\/8463\/revisions"}],"predecessor-version":[{"id":8465,"href":"https:\/\/www.polycliniquenour.com\/ar\/wp-json\/wp\/v2\/pages\/8463\/revisions\/8465"}],"wp:attachment":[{"href":"https:\/\/www.polycliniquenour.com\/ar\/wp-json\/wp\/v2\/media?parent=8463"}],"curies":[{"name":"wp","href":"https:\/\/api.w.org\/{rel}","templated":true}]}}